{"id":101519,"date":"2025-05-07T08:15:02","date_gmt":"2025-05-07T06:15:02","guid":{"rendered":"https:\/\/b2bvelvety.server6.dev-web.at\/quality-management\/"},"modified":"2026-02-02T16:04:30","modified_gmt":"2026-02-02T15:04:30","slug":"quality-management","status":"publish","type":"page","link":"https:\/\/www.velvety-cosmetics.com\/en\/quality-management\/","title":{"rendered":"Quality management"},"content":{"rendered":"\n\n\t<section class=\"section\" id=\"section_859070868\">\n\t\t<div class=\"section-bg fill\" >\n\t\t\t\t\t\t\t\t\t\n\t\t\t\n\n\t\t<\/div>\n\n\t\t\n\n\t\t<div class=\"section-content relative\">\n\t\t\t\n\n<div class=\"row align-middle\"  id=\"row-915457209\">\n\n\n\t<div id=\"col-1360904578\" class=\"col medium-5 small-12 large-5\"  >\n\t\t\t\t<div class=\"col-inner\"  >\n\t\t\t\n\t\t\t\n\n\t<div id=\"text-1902517461\" class=\"text\">\n\t\t\n\n<h1>Because your brand deserves top quality<\/h1>\n<p>In the cosmetics industry, quality is not just a statement \u2013 it is the foundation of trust and brand success. At Velvety, we ensure that every product meets the highest standards of safety, effectiveness, and stability \u2013 from the first step of development to final production. <\/p>\n\t\t\n<style>\n#text-1902517461 {\n  font-size: 1.1rem;\n}\n<\/style>\n\t<\/div>\n\t\n\n\t\t<\/div>\n\t\t\t\t\t<\/div>\n\n\t\n\n\t<div id=\"col-2059992233\" class=\"col medium-7 small-12 large-7\"  >\n\t\t\t\t<div class=\"col-inner\"  >\n\t\t\t\n\t\t\t\n\n\t<div class=\"img has-hover x md-x lg-x y md-y lg-y\" id=\"image_2102835624\">\n\t\t\t\t\t\t\t\t<div class=\"img-inner dark\" >\n\t\t\t<img loading=\"lazy\" decoding=\"async\" width=\"1020\" height=\"544\" src=\"https:\/\/www.velvety-cosmetics.com\/wp-content\/uploads\/2025\/05\/22qua-1400x747.png\" class=\"attachment-large size-large\" alt=\"\" srcset=\"https:\/\/www.velvety-cosmetics.com\/wp-content\/uploads\/2025\/05\/22qua-1400x747.png 1400w, https:\/\/www.velvety-cosmetics.com\/wp-content\/uploads\/2025\/05\/22qua-750x400.png 750w, https:\/\/www.velvety-cosmetics.com\/wp-content\/uploads\/2025\/05\/22qua-768x410.png 768w, https:\/\/www.velvety-cosmetics.com\/wp-content\/uploads\/2025\/05\/22qua-1536x819.png 1536w, https:\/\/www.velvety-cosmetics.com\/wp-content\/uploads\/2025\/05\/22qua-2048x1092.png 2048w\" sizes=\"auto, (max-width: 1020px) 100vw, 1020px\" \/>\t\t\t\t\t\t\n\t\t\t\t\t<\/div>\n\t\t\t\t\t\t\t\t\n<style>\n#image_2102835624 {\n  width: 100%;\n}\n<\/style>\n\t<\/div>\n\t\n\n\n\t\t<\/div>\n\t\t\t\t\t<\/div>\n\n\t\n\n<\/div>\n\n\t\t<\/div>\n\n\t\t\n<style>\n#section_859070868 {\n  padding-top: 30px;\n  padding-bottom: 30px;\n}\n<\/style>\n\t<\/section>\n\t\n\n\t<section class=\"section\" id=\"section_1249718991\">\n\t\t<div class=\"section-bg fill\" >\n\t\t\t\t\t\t\t\t\t\n\t\t\t\n\n\t\t<\/div>\n\n\t\t\n\n\t\t<div class=\"section-content relative\">\n\t\t\t\n\n\t<div id=\"text-3546422631\" class=\"text\">\n\t\t\n\n<h2>Our quality promise \u2013 For safe, tested, and marketable cosmetics<\/h2>\n\t\t\n<style>\n#text-3546422631 {\n  text-align: left;\n}\n<\/style>\n\t<\/div>\n\t\n<div class=\"row row-collapse row-full-width align-middle align-center\"  id=\"row-1383407904\">\n\n\n\t<div id=\"col-1863921319\" class=\"col medium-6 large-6\"  >\n\t\t\t\t<div class=\"col-inner\"  >\n\t\t\t\n\t\t\t\n\n<h3>Raw material control<\/h3>\n<p class=\"\" data-start=\"276\" data-end=\"647\">We work exclusively with certified suppliers and carefully inspect each batch of raw materials for purity, stability, and compliance with the EU Cosmetics Regulation. Upon request, we also integrate raw materials that meet recognized natural cosmetics standards such as COSMOS or NATRUE \u2013 ideal for brands that focus on certified natural cosmetics. <\/p>\n<p class=\"\" data-start=\"649\" data-end=\"887\">Only ingredients that meet both our high quality standards and the specific requirements of your brand are used in further product development.<\/p>\n\n\t\t<\/div>\n\t\t\t\t\n<style>\n#col-1863921319 > .col-inner {\n  padding: 0px 30px 0px 0px;\n}\n<\/style>\n\t<\/div>\n\n\t\n\n\t<div id=\"col-61555393\" class=\"col medium-6 large-6\"  >\n\t\t\t\t<div class=\"col-inner\"  >\n\t\t\t\n\t\t\t\n\n\n  <div class=\"banner has-hover\" id=\"banner-48662826\">\n          <div class=\"banner-inner fill\">\n        <div class=\"banner-bg fill\" >\n            <img loading=\"lazy\" decoding=\"async\" width=\"1020\" height=\"510\" src=\"https:\/\/www.velvety-cosmetics.com\/wp-content\/uploads\/2025\/05\/thumbnail_IMG_5607-1400x700.jpg\" class=\"bg attachment-large size-large\" alt=\"\" \/>                                    \n                    <\/div>\n\t\t\n        <div class=\"banner-layers container\">\n            <div class=\"fill banner-link\"><\/div>            \n\n\n        <\/div>\n      <\/div>\n\n            \n<style>\n#banner-48662826 {\n  padding-top: 99.99%;\n}\n#banner-48662826 .banner-bg img {\n  object-position: 16% 74%;\n}\n@media (min-width:550px) {\n  #banner-48662826 {\n    padding-top: 500px;\n  }\n}\n<\/style>\n  <\/div>\n\n\n\n\t\t<\/div>\n\t\t\t\t\t<\/div>\n\n\t\n\n<\/div>\n<div class=\"row row-collapse row-full-width align-middle\"  id=\"row-9002682\">\n\n\n\t<div id=\"col-210702809\" class=\"col medium-6 large-6\"  >\n\t\t\t\t<div class=\"col-inner\"  >\n\t\t\t\n\t\t\t\n\n\n  <div class=\"banner has-hover\" id=\"banner-798360135\">\n          <div class=\"banner-inner fill\">\n        <div class=\"banner-bg fill\" >\n            <img loading=\"lazy\" decoding=\"async\" width=\"1020\" height=\"680\" src=\"https:\/\/www.velvety-cosmetics.com\/wp-content\/uploads\/2025\/05\/363A7523-1-1200x800.jpg\" class=\"bg attachment-large size-large\" alt=\"\" \/>                                    \n                    <\/div>\n\t\t\n        <div class=\"banner-layers container\">\n            <div class=\"fill banner-link\"><\/div>            \n\n\n        <\/div>\n      <\/div>\n\n            \n<style>\n#banner-798360135 {\n  padding-top: 99.99%;\n}\n@media (min-width:550px) {\n  #banner-798360135 {\n    padding-top: 500px;\n  }\n}\n<\/style>\n  <\/div>\n\n\n\n\t\t<\/div>\n\t\t\t\t\t<\/div>\n\n\t\n\n\t<div id=\"col-97878778\" class=\"col medium-6 large-6\"  >\n\t\t\t\t<div class=\"col-inner\"  >\n\t\t\t\n\t\t\t\n\n<h3>Formulation &amp; stability testing<\/h3>\n<p class=\"\" data-start=\"305\" data-end=\"702\">Every formulation undergoes comprehensive analytical testing in our laboratory to ensure product safety, effectiveness, and shelf life under real market conditions. This includes, among other things, stability tests under varying temperature and light conditions, microbiological checks, contamination tests, and epicutaneous tests to assess skin compatibility. <\/p>\n<p class=\"\" data-start=\"704\" data-end=\"996\"><span class=\"_fadeIn_m1hgl_8\">Our <\/span><span class=\"_fadeIn_m1hgl_8\">Goal <\/span><span class=\"_fadeIn_m1hgl_8\">is <\/span><span class=\"_fadeIn_m1hgl_8\">it is, <\/span><span class=\"_fadeIn_m1hgl_8\">already <\/span><span class=\"_fadeIn_m1hgl_8\">in <\/span><span class=\"_fadeIn_m1hgl_8\">a <\/span><span class=\"_fadeIn_m1hgl_8\">early <\/span><span class=\"_fadeIn_m1hgl_8\">stage <\/span><span class=\"_fadeIn_m1hgl_8\">possible <\/span><span class=\"_fadeIn_m1hgl_8\">changes <\/span><span class=\"_fadeIn_m1hgl_8\">in <\/span><span class=\"_fadeIn_m1hgl_8\">texture, <\/span><span class=\"_fadeIn_m1hgl_8\">colour, <\/span><span class=\"_fadeIn_m1hgl_8\">scent <\/span><span class=\"_fadeIn_m1hgl_8\">or <\/span><span class=\"_fadeIn_m1hgl_8\">pH-<\/span><span class=\"_fadeIn_m1hgl_8\">value <\/span><span class=\"_fadeIn_m1hgl_8\">zu <\/span><span class=\"_fadeIn_m1hgl_8\">identify <\/span><span class=\"_fadeIn_m1hgl_8\">and <\/span><span class=\"_fadeIn_m1hgl_8\">to eliminate. <\/span><span class=\"_fadeIn_m1hgl_8\">So <\/span><span class=\"_fadeIn_m1hgl_8\">ensure <\/span><span class=\"_fadeIn_m1hgl_8\">we <\/span><span class=\"_fadeIn_m1hgl_8\">the <\/span><span class=\"_fadeIn_m1hgl_8\">long-term <\/span><span class=\"_fadeIn_m1hgl_8\">stability <\/span><span class=\"_fadeIn_m1hgl_8\">your <\/span><span class=\"_fadeIn_m1hgl_8\">private label cosmetics \u2013 <\/span><span class=\"_fadeIn_m1hgl_8\">for <\/span><span class=\"_fadeIn_m1hgl_8\">guaranteed <\/span><span class=\"_fadeIn_m1hgl_8\">high <\/span><span class=\"_fadeIn_m1hgl_8\">quality <\/span><span class=\"_fadeIn_m1hgl_8\">while <\/span><span class=\"_fadeIn_m1hgl_8\">storage, <\/span><span class=\"_fadeIn_m1hgl_8\">transportation <\/span><span class=\"_fadeIn_m1hgl_8\">and <\/span><span class=\"_fadeIn_m1hgl_8\">application.<\/span><\/p>\n\n\t\t<\/div>\n\t\t\t\t\n<style>\n#col-97878778 > .col-inner {\n  padding: 10px 0px 0px 0px;\n}\n@media (min-width:550px) {\n  #col-97878778 > .col-inner {\n    padding: 10px 0px 0px 30px;\n  }\n}\n<\/style>\n\t<\/div>\n\n\t\n\n<\/div>\n<div class=\"row row-collapse row-full-width align-middle align-center\"  id=\"row-658362832\">\n\n\n\t<div id=\"col-1838107887\" class=\"col medium-6 large-6\"  >\n\t\t\t\t<div class=\"col-inner\"  >\n\t\t\t\n\t\t\t\n\n<h3>Regulatory expertise &amp; documentation<\/h3>\n<p class=\"\" data-start=\"324\" data-end=\"741\">All production steps are carried out in accordance with the strict requirements of the IFS-HPC standard and cosmetic GMP. Through clearly structured processes, comprehensive documentation, and complete traceability of each batch, we ensure maximum product safety, full transparency, and reliable quality \u2013 from raw material selection to the finished end product. <\/p>\n<p class=\"\" data-start=\"324\" data-end=\"741\">Our quality management ensures that your products comply with all applicable legal requirements \u2013 efficiently, legally securely, and fully documented. We prepare the Product Information File (PIF) in accordance with Article 11 of the EU Cosmetics Regulation 1223\/2009 and coordinate all necessary safety assessments, dermatological tests, and marketability certifications. <\/p>\n\n\t\t<\/div>\n\t\t\t\t\n<style>\n#col-1838107887 > .col-inner {\n  padding: 10px 30px 0px 0px;\n}\n<\/style>\n\t<\/div>\n\n\t\n\n\t<div id=\"col-1520745309\" class=\"col medium-6 large-6\"  >\n\t\t\t\t<div class=\"col-inner\"  >\n\t\t\t\n\t\t\t\n\n\n  <div class=\"banner has-hover\" id=\"banner-825681063\">\n          <div class=\"banner-inner fill\">\n        <div class=\"banner-bg fill\" >\n            <img loading=\"lazy\" decoding=\"async\" width=\"1020\" height=\"720\" src=\"https:\/\/www.velvety-cosmetics.com\/wp-content\/uploads\/2025\/05\/4-3-1133x800.png\" class=\"bg attachment-large size-large\" alt=\"\" \/>                                    \n                    <\/div>\n\t\t\n        <div class=\"banner-layers container\">\n            <div class=\"fill banner-link\"><\/div>            \n\n\n        <\/div>\n      <\/div>\n\n            \n<style>\n#banner-825681063 {\n  padding-top: 99.99%;\n}\n@media (min-width:550px) {\n  #banner-825681063 {\n    padding-top: 500px;\n  }\n}\n<\/style>\n  <\/div>\n\n\n\n\t\t<\/div>\n\t\t\t\t\t<\/div>\n\n\t\n\n<\/div>\n<div class=\"row row-collapse row-full-width align-middle align-center\"  id=\"row-1697353130\">\n\n\n\t<div id=\"col-976705960\" class=\"col medium-6 large-6\"  >\n\t\t\t\t<div class=\"col-inner\"  >\n\t\t\t\n\t\t\t\n\n\n  <div class=\"banner has-hover\" id=\"banner-812387792\">\n          <div class=\"banner-inner fill\">\n        <div class=\"banner-bg fill\" >\n            <img loading=\"lazy\" decoding=\"async\" width=\"1020\" height=\"720\" src=\"https:\/\/www.velvety-cosmetics.com\/wp-content\/uploads\/2025\/05\/5-3-1133x800.png\" class=\"bg attachment-large size-large\" alt=\"\" \/>                                    \n                    <\/div>\n\t\t\n        <div class=\"banner-layers container\">\n            <div class=\"fill banner-link\"><\/div>            \n\n\n        <\/div>\n      <\/div>\n\n            \n<style>\n#banner-812387792 {\n  padding-top: 99.99%;\n}\n@media (min-width:550px) {\n  #banner-812387792 {\n    padding-top: 500px;\n  }\n}\n<\/style>\n  <\/div>\n\n\n\n\t\t<\/div>\n\t\t\t\t\t<\/div>\n\n\t\n\n\t<div id=\"col-2051173913\" class=\"col medium-6 large-6\"  >\n\t\t\t\t<div class=\"col-inner\"  >\n\t\t\t\n\t\t\t\n\n<h3>Certifications<\/h3>\n<p class=\"\" data-start=\"341\" data-end=\"650\">Would you like to officially label your products as natural cosmetics, vegan, or particularly skin-friendly? We provide comprehensive support in selecting, preparing, and applying for common cosmetic certifications, such as <strong><a href=\"https:\/\/www.cosmos-standard.org\/de\/\">COSMOS,<\/a><\/strong> <strong><a href=\"https:\/\/natrue.org\/de\/\">NATRUE,<\/a><\/strong> <strong><a href=\"https:\/\/www.vegansociety.com\/the-vegan-trademark\">VEGAN<\/a>, <a href=\"https:\/\/rspo.org\/de\/as-an-organisation\/certification\/\">RSPO<\/a>, <a href=\"https:\/\/www.fsc-deutschland.de\/verarbeitung-handel\/\">FSC<\/a>, <a href=\"https:\/\/dermatest.com\/de\/?gad_source=1&amp;gad_campaignid=23061694996&amp;gbraid=0AAAAABK7K6oQeQU29esznxaglsCVUCJft&amp;gclid=Cj0KCQiAxonKBhC1ARIsAIHq_lu9IhuLfHvB8zziJGdketNLAA1_hP3vVxOVcrVRQA3borMBeP_EgFgaAsOFEALw_wcB\">DERMATEST<\/a>,<\/strong> or other relevant standards. <\/p>\n<p class=\"\" data-start=\"652\" data-end=\"928\">Together, we review the requirements for formulation, raw materials, packaging, and documentation. Our team supports you throughout the entire certification process \u2013 from raw material selection and product formulation adjustments to communication with the testing institutes. <\/p>\n<p class=\"\" data-start=\"930\" data-end=\"1090\">This way, you receive a credibly certified product that visibly reflects your brand values outwardly \u2013 while simultaneously strengthening the trust of your customers.<\/p>\n\n\t\t<\/div>\n\t\t\t\t\n<style>\n#col-2051173913 > .col-inner {\n  padding: 0px 0px 0px 0px;\n}\n@media (min-width:550px) {\n  #col-2051173913 > .col-inner {\n    padding: 0px 0px 0px 30px;\n  }\n}\n<\/style>\n\t<\/div>\n\n\t\n\n<\/div>\n<div class=\"row row-collapse row-full-width align-middle align-center\"  id=\"row-1167367934\">\n\n\n\t<div id=\"col-79961913\" class=\"col medium-6 large-6\"  >\n\t\t\t\t<div class=\"col-inner\"  >\n\t\t\t\n\t\t\t\n\n<h3>Product safety and final inspection<\/h3>\n<p>Our production takes place under strict hygiene conditions according to the IFS-HPC standard. All manufacturing steps are clearly documented, fully traceable, and regularly monitored \u2013 ensuring maximum product safety, consistent quality, and compliance with all regulatory requirements. <\/p>\n<p>Additionally, upon request, we conduct dermatological tests (Dermatests) to externally confirm the skin compatibility of the products.<\/p>\n<p>Before a product leaves our facility, it undergoes a comprehensive final quality inspection. During this process, packaging, labeling, and product formulation are carefully checked for compliance with your specifications as well as our internal quality standards. <\/p>\n\n\t\t<\/div>\n\t\t\t\t\n<style>\n#col-79961913 > .col-inner {\n  padding: 0px 30px 0px 0px;\n}\n<\/style>\n\t<\/div>\n\n\t\n\n\t<div id=\"col-577417507\" class=\"col medium-6 large-6\"  >\n\t\t\t\t<div class=\"col-inner\"  >\n\t\t\t\n\t\t\t\n\n\n  <div class=\"banner has-hover\" id=\"banner-813999813\">\n          <div class=\"banner-inner fill\">\n        <div class=\"banner-bg fill\" >\n            <img loading=\"lazy\" decoding=\"async\" width=\"1020\" height=\"720\" src=\"https:\/\/www.velvety-cosmetics.com\/wp-content\/uploads\/2025\/05\/6-1-1133x800.png\" class=\"bg attachment-large size-large\" alt=\"\" \/>                                    \n                    <\/div>\n\t\t\n        <div class=\"banner-layers container\">\n            <div class=\"fill banner-link\"><\/div>            \n\n\n        <\/div>\n      <\/div>\n\n            \n<style>\n#banner-813999813 {\n  padding-top: 99.99%;\n}\n@media (min-width:550px) {\n  #banner-813999813 {\n    padding-top: 500px;\n  }\n}\n<\/style>\n  <\/div>\n\n\n\n\t\t<\/div>\n\t\t\t\t\t<\/div>\n\n\t\n\n<\/div>\n\n\t\t<\/div>\n\n\t\t\n<style>\n#section_1249718991 {\n  padding-top: 30px;\n  padding-bottom: 30px;\n}\n<\/style>\n\t<\/section>\n\t\n<div class=\"text-center\"><div class=\"is-divider divider clearfix\" style=\"background-color:rgba(0, 0, 0, 0);\"><\/div><\/div>\n\n\t<div id=\"text-2936644700\" class=\"text\">\n\t\t\n\n<h2>Safety and quality that convince:<\/h2>\n<p style=\"text-align: center\">Risikofreie Produkteinf\u00fchrungen<br data-start=\"80\" data-end=\"83\">Konformit\u00e4t mit der EU-Kosmetikverordnung<br data-start=\"128\" data-end=\"131\">L\u00fcckenlose R\u00fcckverfolgbarkeit und vollst\u00e4ndige Dokumentation<br data-start=\"195\" data-end=\"198\">Sicherheit und Verl\u00e4sslichkeit in der langfristigen Produktleistung<\/p>\n\t\t\n<style>\n#text-2936644700 {\n  text-align: center;\n}\n<\/style>\n\t<\/div>\n\t\n\n","protected":false},"excerpt":{"rendered":"","protected":false},"author":6,"featured_media":0,"parent":0,"menu_order":0,"comment_status":"closed","ping_status":"closed","template":"","meta":{"_acf_changed":false,"footnotes":""},"class_list":["post-101519","page","type-page","status-publish","hentry"],"acf":[],"yoast_head":"<!-- This site is optimized with the Yoast SEO plugin v26.4 - https:\/\/yoast.com\/wordpress\/plugins\/seo\/ -->\n<title>Quality management - Velvety<\/title>\n<meta name=\"description\" content=\"Quality management at Velvety, verified processes, safe cosmetic quality and seamless documentation from start to finish.\" \/>\n<meta name=\"robots\" content=\"index, follow, max-snippet:-1, max-image-preview:large, max-video-preview:-1\" \/>\n<link rel=\"canonical\" href=\"https:\/\/www.velvety-cosmetics.com\/en\/quality-management\/\" \/>\n<meta property=\"og:locale\" content=\"en_US\" \/>\n<meta property=\"og:type\" content=\"article\" \/>\n<meta property=\"og:title\" content=\"Quality management - Velvety\" \/>\n<meta property=\"og:description\" content=\"Quality management at Velvety, verified processes, safe cosmetic quality and seamless documentation from start to finish.\" \/>\n<meta property=\"og:url\" content=\"https:\/\/www.velvety-cosmetics.com\/en\/quality-management\/\" \/>\n<meta property=\"og:site_name\" content=\"Velvety\" \/>\n<meta property=\"article:modified_time\" content=\"2026-02-02T15:04:30+00:00\" \/>\n<meta property=\"og:image\" content=\"https:\/\/www.velvety-cosmetics.com\/wp-content\/uploads\/2025\/05\/IMG_9095-Kopie-scaled.jpeg\" \/>\n\t<meta property=\"og:image:width\" content=\"2560\" \/>\n\t<meta property=\"og:image:height\" content=\"1579\" \/>\n\t<meta property=\"og:image:type\" content=\"image\/jpeg\" \/>\n<meta name=\"twitter:card\" content=\"summary_large_image\" \/>\n<meta name=\"twitter:label1\" content=\"Est. reading time\" \/>\n\t<meta name=\"twitter:data1\" content=\"4 minutes\" \/>\n<script type=\"application\/ld+json\" class=\"yoast-schema-graph\">{\"@context\":\"https:\/\/schema.org\",\"@graph\":[{\"@type\":\"WebPage\",\"@id\":\"https:\/\/www.velvety-cosmetics.com\/en\/quality-management\/\",\"url\":\"https:\/\/www.velvety-cosmetics.com\/en\/quality-management\/\",\"name\":\"Quality management - Velvety\",\"isPartOf\":{\"@id\":\"https:\/\/www.velvety-cosmetics.com\/en\/#website\"},\"datePublished\":\"2025-05-07T06:15:02+00:00\",\"dateModified\":\"2026-02-02T15:04:30+00:00\",\"description\":\"Quality management at Velvety, verified processes, safe cosmetic quality and seamless documentation from start to finish.\",\"breadcrumb\":{\"@id\":\"https:\/\/www.velvety-cosmetics.com\/en\/quality-management\/#breadcrumb\"},\"inLanguage\":\"en-US\",\"potentialAction\":[{\"@type\":\"ReadAction\",\"target\":[\"https:\/\/www.velvety-cosmetics.com\/en\/quality-management\/\"]}]},{\"@type\":\"BreadcrumbList\",\"@id\":\"https:\/\/www.velvety-cosmetics.com\/en\/quality-management\/#breadcrumb\",\"itemListElement\":[{\"@type\":\"ListItem\",\"position\":1,\"name\":\"Startseite\",\"item\":\"https:\/\/www.velvety-cosmetics.com\/en\/\"},{\"@type\":\"ListItem\",\"position\":2,\"name\":\"Quality management\"}]},{\"@type\":\"WebSite\",\"@id\":\"https:\/\/www.velvety-cosmetics.com\/en\/#website\",\"url\":\"https:\/\/www.velvety-cosmetics.com\/en\/\",\"name\":\"Velvety Cosmetics\",\"description\":\"\",\"publisher\":{\"@id\":\"https:\/\/www.velvety-cosmetics.com\/en\/#organization\"},\"potentialAction\":[{\"@type\":\"SearchAction\",\"target\":{\"@type\":\"EntryPoint\",\"urlTemplate\":\"https:\/\/www.velvety-cosmetics.com\/en\/?s={search_term_string}\"},\"query-input\":{\"@type\":\"PropertyValueSpecification\",\"valueRequired\":true,\"valueName\":\"search_term_string\"}}],\"inLanguage\":\"en-US\"},{\"@type\":\"Organization\",\"@id\":\"https:\/\/www.velvety-cosmetics.com\/en\/#organization\",\"name\":\"Velvety Cosmetics\",\"url\":\"https:\/\/www.velvety-cosmetics.com\/en\/\",\"logo\":{\"@type\":\"ImageObject\",\"inLanguage\":\"en-US\",\"@id\":\"https:\/\/www.velvety-cosmetics.com\/en\/#\/schema\/logo\/image\/\",\"url\":\"https:\/\/www.velvety-cosmetics.com\/wp-content\/uploads\/2023\/12\/Velvety_Logo.svg\",\"contentUrl\":\"https:\/\/www.velvety-cosmetics.com\/wp-content\/uploads\/2023\/12\/Velvety_Logo.svg\",\"width\":1,\"height\":1,\"caption\":\"Velvety Cosmetics\"},\"image\":{\"@id\":\"https:\/\/www.velvety-cosmetics.com\/en\/#\/schema\/logo\/image\/\"}}]}<\/script>\n<!-- \/ Yoast SEO plugin. -->","yoast_head_json":{"title":"Quality management - Velvety","description":"Quality management at Velvety, verified processes, safe cosmetic quality and seamless documentation from start to finish.","robots":{"index":"index","follow":"follow","max-snippet":"max-snippet:-1","max-image-preview":"max-image-preview:large","max-video-preview":"max-video-preview:-1"},"canonical":"https:\/\/www.velvety-cosmetics.com\/en\/quality-management\/","og_locale":"en_US","og_type":"article","og_title":"Quality management - Velvety","og_description":"Quality management at Velvety, verified processes, safe cosmetic quality and seamless documentation from start to finish.","og_url":"https:\/\/www.velvety-cosmetics.com\/en\/quality-management\/","og_site_name":"Velvety","article_modified_time":"2026-02-02T15:04:30+00:00","og_image":[{"width":2560,"height":1579,"url":"https:\/\/www.velvety-cosmetics.com\/wp-content\/uploads\/2025\/05\/IMG_9095-Kopie-scaled.jpeg","type":"image\/jpeg"}],"twitter_card":"summary_large_image","twitter_misc":{"Est. reading time":"4 minutes"},"schema":{"@context":"https:\/\/schema.org","@graph":[{"@type":"WebPage","@id":"https:\/\/www.velvety-cosmetics.com\/en\/quality-management\/","url":"https:\/\/www.velvety-cosmetics.com\/en\/quality-management\/","name":"Quality management - Velvety","isPartOf":{"@id":"https:\/\/www.velvety-cosmetics.com\/en\/#website"},"datePublished":"2025-05-07T06:15:02+00:00","dateModified":"2026-02-02T15:04:30+00:00","description":"Quality management at Velvety, verified processes, safe cosmetic quality and seamless documentation from start to finish.","breadcrumb":{"@id":"https:\/\/www.velvety-cosmetics.com\/en\/quality-management\/#breadcrumb"},"inLanguage":"en-US","potentialAction":[{"@type":"ReadAction","target":["https:\/\/www.velvety-cosmetics.com\/en\/quality-management\/"]}]},{"@type":"BreadcrumbList","@id":"https:\/\/www.velvety-cosmetics.com\/en\/quality-management\/#breadcrumb","itemListElement":[{"@type":"ListItem","position":1,"name":"Startseite","item":"https:\/\/www.velvety-cosmetics.com\/en\/"},{"@type":"ListItem","position":2,"name":"Quality management"}]},{"@type":"WebSite","@id":"https:\/\/www.velvety-cosmetics.com\/en\/#website","url":"https:\/\/www.velvety-cosmetics.com\/en\/","name":"Velvety Cosmetics","description":"","publisher":{"@id":"https:\/\/www.velvety-cosmetics.com\/en\/#organization"},"potentialAction":[{"@type":"SearchAction","target":{"@type":"EntryPoint","urlTemplate":"https:\/\/www.velvety-cosmetics.com\/en\/?s={search_term_string}"},"query-input":{"@type":"PropertyValueSpecification","valueRequired":true,"valueName":"search_term_string"}}],"inLanguage":"en-US"},{"@type":"Organization","@id":"https:\/\/www.velvety-cosmetics.com\/en\/#organization","name":"Velvety Cosmetics","url":"https:\/\/www.velvety-cosmetics.com\/en\/","logo":{"@type":"ImageObject","inLanguage":"en-US","@id":"https:\/\/www.velvety-cosmetics.com\/en\/#\/schema\/logo\/image\/","url":"https:\/\/www.velvety-cosmetics.com\/wp-content\/uploads\/2023\/12\/Velvety_Logo.svg","contentUrl":"https:\/\/www.velvety-cosmetics.com\/wp-content\/uploads\/2023\/12\/Velvety_Logo.svg","width":1,"height":1,"caption":"Velvety Cosmetics"},"image":{"@id":"https:\/\/www.velvety-cosmetics.com\/en\/#\/schema\/logo\/image\/"}}]}},"_links":{"self":[{"href":"https:\/\/www.velvety-cosmetics.com\/en\/wp-json\/wp\/v2\/pages\/101519","targetHints":{"allow":["GET"]}}],"collection":[{"href":"https:\/\/www.velvety-cosmetics.com\/en\/wp-json\/wp\/v2\/pages"}],"about":[{"href":"https:\/\/www.velvety-cosmetics.com\/en\/wp-json\/wp\/v2\/types\/page"}],"author":[{"embeddable":true,"href":"https:\/\/www.velvety-cosmetics.com\/en\/wp-json\/wp\/v2\/users\/6"}],"replies":[{"embeddable":true,"href":"https:\/\/www.velvety-cosmetics.com\/en\/wp-json\/wp\/v2\/comments?post=101519"}],"version-history":[{"count":22,"href":"https:\/\/www.velvety-cosmetics.com\/en\/wp-json\/wp\/v2\/pages\/101519\/revisions"}],"predecessor-version":[{"id":104389,"href":"https:\/\/www.velvety-cosmetics.com\/en\/wp-json\/wp\/v2\/pages\/101519\/revisions\/104389"}],"wp:attachment":[{"href":"https:\/\/www.velvety-cosmetics.com\/en\/wp-json\/wp\/v2\/media?parent=101519"}],"curies":[{"name":"wp","href":"https:\/\/api.w.org\/{rel}","templated":true}]}}